{"id":722,"date":"2024-02-23T17:29:44","date_gmt":"2024-02-23T23:29:44","guid":{"rendered":"https:\/\/gonatcr.com\/?page_id=722"},"modified":"2026-01-31T13:05:39","modified_gmt":"2026-01-31T19:05:39","slug":"detail-manuel-antonio","status":"publish","type":"page","link":"https:\/\/gonatcr.com\/es\/detail-manuel-antonio\/","title":{"rendered":"Detail MANUEL ANTONIO"},"content":{"rendered":"<div data-elementor-type=\"wp-page\" data-elementor-id=\"722\" class=\"elementor elementor-722\" data-elementor-post-type=\"page\">\n\t\t\t\t\t\t<section class=\"elementor-section elementor-top-section elementor-element elementor-element-57667ff8 elementor-section-boxed elementor-section-height-default elementor-section-height-default\" data-id=\"57667ff8\" data-element_type=\"section\" data-e-type=\"section\" data-settings=\"{&quot;background_background&quot;:&quot;classic&quot;}\">\n\t\t\t\t\t\t\t<div class=\"elementor-background-overlay\"><\/div>\n\t\t\t\t\t\t\t<div class=\"elementor-container elementor-column-gap-default\">\n\t\t\t\t\t<div class=\"elementor-column elementor-col-100 elementor-top-column elementor-element elementor-element-54b23c7\" data-id=\"54b23c7\" data-element_type=\"column\" data-e-type=\"column\">\n\t\t\t<div class=\"elementor-widget-wrap\">\n\t\t\t\t\t\t\t<\/div>\n\t\t<\/div>\n\t\t\t\t\t<\/div>\n\t\t<\/section>\n\t\t\t\t<section class=\"elementor-section elementor-top-section elementor-element elementor-element-675ed106 elementor-section-boxed elementor-section-height-default elementor-section-height-default\" data-id=\"675ed106\" data-element_type=\"section\" data-e-type=\"section\">\n\t\t\t\t\t\t<div class=\"elementor-container elementor-column-gap-default\">\n\t\t\t\t\t<div class=\"elementor-column elementor-col-100 elementor-top-column elementor-element elementor-element-45ab8f6e\" data-id=\"45ab8f6e\" data-element_type=\"column\" data-e-type=\"column\">\n\t\t\t<div class=\"elementor-widget-wrap elementor-element-populated\">\n\t\t\t\t\t\t<div class=\"elementor-element elementor-element-1035d026 elementor-hidden-tablet elementor-hidden-mobile elementor-widget elementor-widget-heading\" data-id=\"1035d026\" data-element_type=\"widget\" data-e-type=\"widget\" data-widget_type=\"heading.default\">\n\t\t\t\t<div class=\"elementor-widget-container\">\n\t\t\t\t\t<h2 class=\"elementor-heading-title elementor-size-default\">Parque Nacional Manuel Antonio<\/h2>\t\t\t\t<\/div>\n\t\t\t\t<\/div>\n\t\t\t\t<div class=\"elementor-element elementor-element-509ebdf elementor-hidden-desktop elementor-widget elementor-widget-heading\" data-id=\"509ebdf\" data-element_type=\"widget\" data-e-type=\"widget\" data-widget_type=\"heading.default\">\n\t\t\t\t<div class=\"elementor-widget-container\">\n\t\t\t\t\t<h2 class=\"elementor-heading-title elementor-size-default\">Parque Nacional Manuel Antonio<\/h2>\t\t\t\t<\/div>\n\t\t\t\t<\/div>\n\t\t\t\t<div class=\"elementor-element elementor-element-79d804ac elementor-widget__width-auto elementor-icon-list--layout-traditional elementor-list-item-link-full_width elementor-widget elementor-widget-icon-list\" data-id=\"79d804ac\" data-element_type=\"widget\" data-e-type=\"widget\" data-widget_type=\"icon-list.default\">\n\t\t\t\t<div class=\"elementor-widget-container\">\n\t\t\t\t\t\t\t<ul class=\"elementor-icon-list-items\">\n\t\t\t\t\t\t\t<li class=\"elementor-icon-list-item\">\n\t\t\t\t\t\t\t\t\t\t\t<a href=\"https:\/\/www.google.com\/maps\/place\/Provincia+de+Puntarenas,+Quepos\/@9.45908,-84.3047491,11z\/data=!3m1!4b1!4m6!3m5!1s0x8fa173c5383cfb91:0x33043bd7761e4371!8m2!3d9.4318681!4d-84.1619076!16zL20vMGM2amJ3?entry=ttu&#038;g_ep=EgoyMDI0MTAyOS4wIKXMDSoASAFQAw%3D%3D\">\n\n\t\t\t\t\t\t\t\t\t\t\t\t<span class=\"elementor-icon-list-icon\">\n\t\t\t\t\t\t\t<svg aria-hidden=\"true\" class=\"e-font-icon-svg e-fas-map-marker-alt\" viewbox=\"0 0 384 512\" xmlns=\"http:\/\/www.w3.org\/2000\/svg\"><path d=\"M172.268 501.67C26.97 291.031 0 269.413 0 192 0 85.961 85.961 0 192 0s192 85.961 192 192c0 77.413-26.97 99.031-172.268 309.67-9.535 13.774-29.93 13.773-39.464 0zM192 272c44.183 0 80-35.817 80-80s-35.817-80-80-80-80 35.817-80 80 35.817 80 80 80z\"><\/path><\/svg>\t\t\t\t\t\t<\/span>\n\t\t\t\t\t\t\t\t\t\t<span class=\"elementor-icon-list-text\">Quepos, Costa Rica<\/span>\n\t\t\t\t\t\t\t\t\t\t\t<\/a>\n\t\t\t\t\t\t\t\t\t<\/li>\n\t\t\t\t\t\t<\/ul>\n\t\t\t\t\t\t<\/div>\n\t\t\t\t<\/div>\n\t\t\t\t<div class=\"elementor-element elementor-element-4c5eaf91 elementor-widget__width-auto elementor--star-style-star_unicode elementor-widget elementor-widget-star-rating\" data-id=\"4c5eaf91\" data-element_type=\"widget\" data-e-type=\"widget\" data-widget_type=\"star-rating.default\">\n\t\t\t\t<div class=\"elementor-widget-container\">\n\t\t\t\t\t\t\t<div class=\"elementor-star-rating__wrapper\">\n\t\t\t\t\t\t<div class=\"elementor-star-rating\" itemtype=\"http:\/\/schema.org\/Rating\" itemscope=\"\" itemprop=\"reviewRating\">\n\t\t\t\t<i class=\"elementor-star-full\" aria-hidden=\"true\">&#9733;<\/i><i class=\"elementor-star-full\" aria-hidden=\"true\">&#9733;<\/i><i class=\"elementor-star-full\" aria-hidden=\"true\">&#9733;<\/i><i class=\"elementor-star-full\" aria-hidden=\"true\">&#9733;<\/i><i class=\"elementor-star-5\" aria-hidden=\"true\">&#9733;<\/i>\t\t\t\t<span itemprop=\"ratingValue\" class=\"elementor-screen-only\" data-no-translation=\"\" data-trp-gettext=\"\">Rated 4.5 out of 5<\/span>\n\t\t\t<\/div>\n\t\t<\/div>\n\t\t\t\t\t\t<\/div>\n\t\t\t\t<\/div>\n\t\t\t\t<div class=\"elementor-element elementor-element-6edda883 elementor-widget__width-auto elementor-widget elementor-widget-heading\" data-id=\"6edda883\" data-element_type=\"widget\" data-e-type=\"widget\" data-widget_type=\"heading.default\">\n\t\t\t\t<div class=\"elementor-widget-container\">\n\t\t\t\t\t<h2 class=\"elementor-heading-title elementor-size-default\">(4.9)<\/h2>\t\t\t\t<\/div>\n\t\t\t\t<\/div>\n\t\t\t\t<div class=\"elementor-element elementor-element-9441607 elementor-widget elementor-widget-heading\" data-id=\"9441607\" data-element_type=\"widget\" data-e-type=\"widget\" data-widget_type=\"heading.default\">\n\t\t\t\t<div class=\"elementor-widget-container\">\n\t\t\t\t\t<p class=\"elementor-heading-title elementor-size-default\">Bienvenido al Parque Nacional Manuel Antonio, una joya escondida en la costa central del Pac\u00edfico de Costa Rica, donde la aventura y la relajaci\u00f3n se fusionan en un entorno natural exquisito. Prep\u00e1rese para un recorrido relajante pero emocionante que le invita a desconectar en medio de impresionantes paisajes y una vibrante vida silvestre.<br> <br>\n\nSu viaje comienza con un recorrido panor\u00e1mico por la exuberante campi\u00f1a, donde el pintoresco paisaje crea la atm\u00f3sfera perfecta para un d\u00eda inolvidable. Al llegar a la entrada del parque, inhale el aroma revitalizante del tr\u00f3pico y sienta la c\u00e1lida calidez del sol en su piel. Nuestro experto gu\u00eda compartir\u00e1 fascinantes conocimientos sobre la biodiversidad del parque y las importantes iniciativas de conservaci\u00f3n implementadas para proteger este entorno \u00fanico. <br> <br>\nEn cuanto pise los senderos, se encontrar\u00e1 inmerso en una exuberante selva tropical rebosante de vida. Mientras camina, preste atenci\u00f3n a la cautivadora fauna que habita Manuel Antonio. Quiz\u00e1s vea monos capuchinos jugando en el aire y monos ara\u00f1a balance\u00e1ndose con gracia entre las ramas. Un vistazo r\u00e1pido podr\u00eda revelar perezosos de tres dedos descansando perezosamente en los \u00e1rboles o coloridas iguanas descansando sobre las rocas. Con su c\u00e1mara lista, cada momento le brindar\u00e1 la oportunidad de tomar fotograf\u00edas impresionantes y guardar recuerdos inolvidables.<br> <br>Tras una refrescante caminata por la selva, llegar\u00e1s a playas v\u00edrgenes que te dejar\u00e1n sin aliento. La arena dorada y las aguas turquesas de Playa Playita o Manuel Antonio te invitan a quitarte los zapatos y sentir la suave arena entre los dedos. Date un ba\u00f1o relajante en las tranquilas aguas o simplemente rel\u00e1jate en la playa, disfrutando de la suave brisa del mar y el sonido de las olas rompiendo en la orilla.<br> <br>\nAl final del d\u00eda, d\u00e9 un paseo tranquilo por los senderos, quiz\u00e1s avistando coloridas mariposas revoloteando o aves regresando a sus nidos. De regreso a la entrada del parque, se marchar\u00e1 con el coraz\u00f3n lleno de encanto y recuerdos de un d\u00eda inolvidable en uno de los tesoros naturales m\u00e1s preciados de Costa Rica.<br> <br>\nYa seas un apasionado de la naturaleza, un viajero solitario en busca de paz o una familia en busca de diversi\u00f3n, un tour en el Parque Nacional Manuel Antonio ofrece algo para todos. Ven a reconectar con la naturaleza y disfruta del esp\u00edritu tranquilo y vibrante de este impresionante destino.<\/p>\t\t\t\t<\/div>\n\t\t\t\t<\/div>\n\t\t\t\t\t<\/div>\n\t\t<\/div>\n\t\t\t\t\t<\/div>\n\t\t<\/section>\n\t\t\t\t<section class=\"elementor-section elementor-top-section elementor-element elementor-element-6fecfd6 elementor-section-boxed elementor-section-height-default elementor-section-height-default\" data-id=\"6fecfd6\" data-element_type=\"section\" data-e-type=\"section\" data-settings=\"{&quot;background_background&quot;:&quot;classic&quot;}\">\n\t\t\t\t\t\t<div class=\"elementor-container elementor-column-gap-no\">\n\t\t\t\t\t<div class=\"elementor-column elementor-col-100 elementor-top-column elementor-element elementor-element-3bcd93de envato-kit-202-carousel\" data-id=\"3bcd93de\" data-element_type=\"column\" data-e-type=\"column\">\n\t\t\t<div class=\"elementor-widget-wrap elementor-element-populated\">\n\t\t\t\t\t\t<div class=\"elementor-element elementor-element-545de8e4 elementor-pagination-position-outside elementor-invisible elementor-widget elementor-widget-image-carousel\" data-id=\"545de8e4\" data-element_type=\"widget\" data-e-type=\"widget\" data-settings=\"{&quot;slides_to_show&quot;:&quot;3&quot;,&quot;slides_to_scroll&quot;:&quot;1&quot;,&quot;autoplay&quot;:&quot;no&quot;,&quot;image_spacing_custom&quot;:{&quot;unit&quot;:&quot;px&quot;,&quot;size&quot;:40,&quot;sizes&quot;:[]},&quot;_animation&quot;:&quot;fadeIn&quot;,&quot;_animation_delay&quot;:800,&quot;navigation&quot;:&quot;dots&quot;,&quot;infinite&quot;:&quot;yes&quot;,&quot;speed&quot;:500,&quot;image_spacing_custom_tablet&quot;:{&quot;unit&quot;:&quot;px&quot;,&quot;size&quot;:&quot;&quot;,&quot;sizes&quot;:[]},&quot;image_spacing_custom_mobile&quot;:{&quot;unit&quot;:&quot;px&quot;,&quot;size&quot;:&quot;&quot;,&quot;sizes&quot;:[]}}\" data-widget_type=\"image-carousel.default\">\n\t\t\t\t<div class=\"elementor-widget-container\">\n\t\t\t\t\t\t\t<div class=\"elementor-image-carousel-wrapper swiper\" role=\"region\" aria-roledescription=\"carousel\" aria-label=\"Carrusel de im\u00e1genes\" dir=\"ltr\">\n\t\t\t<div class=\"elementor-image-carousel swiper-wrapper\" aria-live=\"polite\">\n\t\t\t\t\t\t\t\t<div class=\"swiper-slide\" role=\"group\" aria-roledescription=\"slide\" aria-label=\"1 de 3\" data-no-translation-aria-label=\"\"><a data-elementor-open-lightbox=\"yes\" data-elementor-lightbox-slideshow=\"545de8e4\" data-elementor-lightbox-title=\"Sloth\" data-elementor-lightbox-description=\"Perezoso\" data-e-action-hash=\"#elementor-action%3Aaction%3Dlightbox%26settings%3DeyJpZCI6MTk1MiwidXJsIjoiaHR0cHM6XC9cL2dvbmF0Y3IuY29tXC93cC1jb250ZW50XC91cGxvYWRzXC8yMDI0XC8xMVwvMi5NYW51ZWwtQW50b25pby1OYXRpb25hbC1QYXJrLXNjYWxlZC53ZWJwIiwic2xpZGVzaG93IjoiNTQ1ZGU4ZTQifQ%3D%3D\" href=\"https:\/\/gonatcr.com\/wp-content\/uploads\/2024\/11\/2.Manuel-Antonio-National-Park-scaled.webp\"><figure class=\"swiper-slide-inner\"><img decoding=\"async\" class=\"swiper-slide-image\" src=\"https:\/\/gonatcr.com\/wp-content\/uploads\/elementor\/thumbs\/2.Manuel-Antonio-National-Park-scaled-qx430js2789c0alyjdtxgj1ui2epu8cgupgdx4bhw8.webp\" alt=\"Sloth\" \/><\/figure><\/a><\/div><div class=\"swiper-slide\" role=\"group\" aria-roledescription=\"slide\" aria-label=\"2 de 3\" data-no-translation-aria-label=\"\"><a data-elementor-open-lightbox=\"yes\" data-elementor-lightbox-slideshow=\"545de8e4\" data-elementor-lightbox-title=\"Trails\" data-elementor-lightbox-description=\"Senderos\" data-e-action-hash=\"#elementor-action%3Aaction%3Dlightbox%26settings%3DeyJpZCI6MTk1MywidXJsIjoiaHR0cHM6XC9cL2dvbmF0Y3IuY29tXC93cC1jb250ZW50XC91cGxvYWRzXC8yMDI0XC8xMVwvMy5NYW51ZWwtQW50b25pby1OYXRpb25hbC1QYXJrLXNjYWxlZC53ZWJwIiwic2xpZGVzaG93IjoiNTQ1ZGU4ZTQifQ%3D%3D\" href=\"https:\/\/gonatcr.com\/wp-content\/uploads\/2024\/11\/3.Manuel-Antonio-National-Park-scaled.webp\"><figure class=\"swiper-slide-inner\"><img decoding=\"async\" class=\"swiper-slide-image\" src=\"https:\/\/gonatcr.com\/wp-content\/uploads\/elementor\/thumbs\/3.Manuel-Antonio-National-Park-scaled-ricb78byc05brj5w9ybsqrzx7s7nul9c7172430gns.webp\" alt=\"Trails\" \/><\/figure><\/a><\/div><div class=\"swiper-slide\" role=\"group\" aria-roledescription=\"slide\" aria-label=\"3 de 3\" data-no-translation-aria-label=\"\"><a data-elementor-open-lightbox=\"yes\" data-elementor-lightbox-slideshow=\"545de8e4\" data-elementor-lightbox-title=\"Beach\" data-elementor-lightbox-description=\"Playa\" data-e-action-hash=\"#elementor-action%3Aaction%3Dlightbox%26settings%3DeyJpZCI6MTk1MSwidXJsIjoiaHR0cHM6XC9cL2dvbmF0Y3IuY29tXC93cC1jb250ZW50XC91cGxvYWRzXC8yMDI0XC8xMVwvMS5NYW51ZWwtQW50b25pby1OYXRpb25hbC1QYXJrLXNjYWxlZC53ZWJwIiwic2xpZGVzaG93IjoiNTQ1ZGU4ZTQifQ%3D%3D\" href=\"https:\/\/gonatcr.com\/wp-content\/uploads\/2024\/11\/1.Manuel-Antonio-National-Park-scaled.webp\"><figure class=\"swiper-slide-inner\"><img decoding=\"async\" class=\"swiper-slide-image\" src=\"https:\/\/gonatcr.com\/wp-content\/uploads\/elementor\/thumbs\/1.Manuel-Antonio-National-Park-scaled-ricb7hqc8ci6zms8r2e2fpmj5mxbzkankbpwwumixk.webp\" alt=\"Beach\" \/><\/figure><\/a><\/div>\t\t\t<\/div>\n\t\t\t\t\t\t\t\n\t\t\t\t\t\t\t\t\t<div class=\"swiper-pagination\"><\/div>\n\t\t\t\t\t\t\t\t\t<\/div>\n\t\t\t\t\t\t<\/div>\n\t\t\t\t<\/div>\n\t\t\t\t\t<\/div>\n\t\t<\/div>\n\t\t\t\t\t<\/div>\n\t\t<\/section>\n\t\t\t\t<\/div>","protected":false},"excerpt":{"rendered":"<p>Manuel Antonio National Park Manuel Antonio National Park Quepos, Costa Rica &#9733;&#9733;&#9733;&#9733;&#9733; Valorado con 4.5 de 5 (4.9) Welcome to Manuel Antonio National Park, a hidden gem on the central Pacific coast of Costa Rica, where adventure and relaxation intertwine in an exquisite natural setting. Get ready for a chill yet exhilarating tour that invites [&hellip;]<\/p>\n","protected":false},"author":1,"featured_media":0,"parent":0,"menu_order":0,"comment_status":"closed","ping_status":"closed","template":"elementor_header_footer","meta":{"footnotes":""},"class_list":["post-722","page","type-page","status-publish","hentry"],"yoast_head":"<!-- This site is optimized with the Yoast SEO plugin v27.5 - https:\/\/yoast.com\/product\/yoast-seo-wordpress\/ -->\n<title>Detail MANUEL ANTONIO - gonatcr.com<\/title>\n<meta name=\"description\" content=\"Discover the enchanting world of nocturnal wildlife with our detailed night walk guide.\" \/>\n<meta name=\"robots\" content=\"index, follow, max-snippet:-1, max-image-preview:large, max-video-preview:-1\" \/>\n<link rel=\"canonical\" href=\"https:\/\/gonatcr.com\/es\/detail-manuel-antonio\/\" \/>\n<meta property=\"og:locale\" content=\"es_ES\" \/>\n<meta property=\"og:type\" content=\"article\" \/>\n<meta property=\"og:title\" content=\"Detail MANUEL ANTONIO - gonatcr.com\" \/>\n<meta property=\"og:description\" content=\"Discover the enchanting world of nocturnal wildlife with our detailed night walk guide.\" \/>\n<meta property=\"og:url\" content=\"https:\/\/gonatcr.com\/es\/detail-manuel-antonio\/\" \/>\n<meta property=\"og:site_name\" content=\"gonatcr.com\" \/>\n<meta property=\"article:modified_time\" content=\"2026-01-31T19:05:39+00:00\" \/>\n<meta property=\"og:image\" content=\"https:\/\/gonatcr.com\/wp-content\/uploads\/elementor\/thumbs\/2.Manuel-Antonio-National-Park-scaled-qx430js2789c0alyjdtxgj1ui2epu8cgupgdx4bhw8.webp\" \/>\n<meta name=\"twitter:card\" content=\"summary_large_image\" \/>\n<meta name=\"twitter:label1\" content=\"Est. reading time\" \/>\n\t<meta name=\"twitter:data1\" content=\"4 minutos\" \/>\n<script type=\"application\/ld+json\" class=\"yoast-schema-graph\">{\"@context\":\"https:\\\/\\\/schema.org\",\"@graph\":[{\"@type\":\"WebPage\",\"@id\":\"https:\\\/\\\/gonatcr.com\\\/en\\\/detail-manuel-antonio\\\/\",\"url\":\"https:\\\/\\\/gonatcr.com\\\/en\\\/detail-manuel-antonio\\\/\",\"name\":\"Detail MANUEL ANTONIO - gonatcr.com\",\"isPartOf\":{\"@id\":\"https:\\\/\\\/gonatcr.com\\\/es\\\/#website\"},\"primaryImageOfPage\":{\"@id\":\"https:\\\/\\\/gonatcr.com\\\/en\\\/detail-manuel-antonio\\\/#primaryimage\"},\"image\":{\"@id\":\"https:\\\/\\\/gonatcr.com\\\/en\\\/detail-manuel-antonio\\\/#primaryimage\"},\"thumbnailUrl\":\"https:\\\/\\\/gonatcr.com\\\/wp-content\\\/uploads\\\/elementor\\\/thumbs\\\/2.Manuel-Antonio-National-Park-scaled-qx430js2789c0alyjdtxgj1ui2epu8cgupgdx4bhw8.webp\",\"datePublished\":\"2024-02-23T23:29:44+00:00\",\"dateModified\":\"2026-01-31T19:05:39+00:00\",\"description\":\"Discover the enchanting world of nocturnal wildlife with our detailed night walk guide.\",\"breadcrumb\":{\"@id\":\"https:\\\/\\\/gonatcr.com\\\/en\\\/detail-manuel-antonio\\\/#breadcrumb\"},\"inLanguage\":\"es-CR\",\"potentialAction\":[{\"@type\":\"ReadAction\",\"target\":[\"https:\\\/\\\/gonatcr.com\\\/en\\\/detail-manuel-antonio\\\/\"]}]},{\"@type\":\"ImageObject\",\"inLanguage\":\"es-CR\",\"@id\":\"https:\\\/\\\/gonatcr.com\\\/en\\\/detail-manuel-antonio\\\/#primaryimage\",\"url\":\"https:\\\/\\\/gonatcr.com\\\/wp-content\\\/uploads\\\/elementor\\\/thumbs\\\/2.Manuel-Antonio-National-Park-scaled-qx430js2789c0alyjdtxgj1ui2epu8cgupgdx4bhw8.webp\",\"contentUrl\":\"https:\\\/\\\/gonatcr.com\\\/wp-content\\\/uploads\\\/elementor\\\/thumbs\\\/2.Manuel-Antonio-National-Park-scaled-qx430js2789c0alyjdtxgj1ui2epu8cgupgdx4bhw8.webp\"},{\"@type\":\"BreadcrumbList\",\"@id\":\"https:\\\/\\\/gonatcr.com\\\/en\\\/detail-manuel-antonio\\\/#breadcrumb\",\"itemListElement\":[{\"@type\":\"ListItem\",\"position\":1,\"name\":\"HOME GoNat\",\"item\":\"https:\\\/\\\/gonatcr.com\\\/\"},{\"@type\":\"ListItem\",\"position\":2,\"name\":\"Detail MANUEL ANTONIO\"}]},{\"@type\":\"WebSite\",\"@id\":\"https:\\\/\\\/gonatcr.com\\\/es\\\/#website\",\"url\":\"https:\\\/\\\/gonatcr.com\\\/es\\\/\",\"name\":\"gonatcr.com\",\"description\":\"GoNat is the website of a tourism agency in Costa Rica.\",\"publisher\":{\"@id\":\"https:\\\/\\\/gonatcr.com\\\/es\\\/#organization\"},\"potentialAction\":[{\"@type\":\"SearchAction\",\"target\":{\"@type\":\"EntryPoint\",\"urlTemplate\":\"https:\\\/\\\/gonatcr.com\\\/es\\\/?s={search_term_string}\"},\"query-input\":{\"@type\":\"PropertyValueSpecification\",\"valueRequired\":true,\"valueName\":\"search_term_string\"}}],\"inLanguage\":\"es-CR\"},{\"@type\":\"Organization\",\"@id\":\"https:\\\/\\\/gonatcr.com\\\/es\\\/#organization\",\"name\":\"gonatcr.com\",\"url\":\"https:\\\/\\\/gonatcr.com\\\/es\\\/\",\"logo\":{\"@type\":\"ImageObject\",\"inLanguage\":\"es-CR\",\"@id\":\"https:\\\/\\\/gonatcr.com\\\/es\\\/#\\\/schema\\\/logo\\\/image\\\/\",\"url\":\"https:\\\/\\\/gonatcr.com\\\/wp-content\\\/uploads\\\/2024\\\/02\\\/gonat_logo_sitio.png\",\"contentUrl\":\"https:\\\/\\\/gonatcr.com\\\/wp-content\\\/uploads\\\/2024\\\/02\\\/gonat_logo_sitio.png\",\"width\":1459,\"height\":417,\"caption\":\"gonatcr.com\"},\"image\":{\"@id\":\"https:\\\/\\\/gonatcr.com\\\/es\\\/#\\\/schema\\\/logo\\\/image\\\/\"}}]}<\/script>\n<!-- \/ Yoast SEO plugin. -->","yoast_head_json":{"title":"Detail MANUEL ANTONIO - gonatcr.com","description":"Discover the enchanting world of nocturnal wildlife with our detailed night walk guide.","robots":{"index":"index","follow":"follow","max-snippet":"max-snippet:-1","max-image-preview":"max-image-preview:large","max-video-preview":"max-video-preview:-1"},"canonical":"https:\/\/gonatcr.com\/es\/detail-manuel-antonio\/","og_locale":"es_ES","og_type":"article","og_title":"Detail MANUEL ANTONIO - gonatcr.com","og_description":"Discover the enchanting world of nocturnal wildlife with our detailed night walk guide.","og_url":"https:\/\/gonatcr.com\/es\/detail-manuel-antonio\/","og_site_name":"gonatcr.com","article_modified_time":"2026-01-31T19:05:39+00:00","og_image":[{"url":"https:\/\/gonatcr.com\/wp-content\/uploads\/elementor\/thumbs\/2.Manuel-Antonio-National-Park-scaled-qx430js2789c0alyjdtxgj1ui2epu8cgupgdx4bhw8.webp","type":"","width":"","height":""}],"twitter_card":"summary_large_image","twitter_misc":{"Est. reading time":"4 minutos"},"schema":{"@context":"https:\/\/schema.org","@graph":[{"@type":"WebPage","@id":"https:\/\/gonatcr.com\/en\/detail-manuel-antonio\/","url":"https:\/\/gonatcr.com\/en\/detail-manuel-antonio\/","name":"Detail MANUEL ANTONIO - gonatcr.com","isPartOf":{"@id":"https:\/\/gonatcr.com\/es\/#website"},"primaryImageOfPage":{"@id":"https:\/\/gonatcr.com\/en\/detail-manuel-antonio\/#primaryimage"},"image":{"@id":"https:\/\/gonatcr.com\/en\/detail-manuel-antonio\/#primaryimage"},"thumbnailUrl":"https:\/\/gonatcr.com\/wp-content\/uploads\/elementor\/thumbs\/2.Manuel-Antonio-National-Park-scaled-qx430js2789c0alyjdtxgj1ui2epu8cgupgdx4bhw8.webp","datePublished":"2024-02-23T23:29:44+00:00","dateModified":"2026-01-31T19:05:39+00:00","description":"Discover the enchanting world of nocturnal wildlife with our detailed night walk guide.","breadcrumb":{"@id":"https:\/\/gonatcr.com\/en\/detail-manuel-antonio\/#breadcrumb"},"inLanguage":"es-CR","potentialAction":[{"@type":"ReadAction","target":["https:\/\/gonatcr.com\/en\/detail-manuel-antonio\/"]}]},{"@type":"ImageObject","inLanguage":"es-CR","@id":"https:\/\/gonatcr.com\/en\/detail-manuel-antonio\/#primaryimage","url":"https:\/\/gonatcr.com\/wp-content\/uploads\/elementor\/thumbs\/2.Manuel-Antonio-National-Park-scaled-qx430js2789c0alyjdtxgj1ui2epu8cgupgdx4bhw8.webp","contentUrl":"https:\/\/gonatcr.com\/wp-content\/uploads\/elementor\/thumbs\/2.Manuel-Antonio-National-Park-scaled-qx430js2789c0alyjdtxgj1ui2epu8cgupgdx4bhw8.webp"},{"@type":"BreadcrumbList","@id":"https:\/\/gonatcr.com\/en\/detail-manuel-antonio\/#breadcrumb","itemListElement":[{"@type":"ListItem","position":1,"name":"HOME GoNat","item":"https:\/\/gonatcr.com\/"},{"@type":"ListItem","position":2,"name":"Detail MANUEL ANTONIO"}]},{"@type":"WebSite","@id":"https:\/\/gonatcr.com\/es\/#website","url":"https:\/\/gonatcr.com\/es\/","name":"gonatcr.com","description":"GoNat is the website of a tourism agency in Costa Rica.","publisher":{"@id":"https:\/\/gonatcr.com\/es\/#organization"},"potentialAction":[{"@type":"SearchAction","target":{"@type":"EntryPoint","urlTemplate":"https:\/\/gonatcr.com\/es\/?s={search_term_string}"},"query-input":{"@type":"PropertyValueSpecification","valueRequired":true,"valueName":"search_term_string"}}],"inLanguage":"es-CR"},{"@type":"Organization","@id":"https:\/\/gonatcr.com\/es\/#organization","name":"gonatcr.com","url":"https:\/\/gonatcr.com\/es\/","logo":{"@type":"ImageObject","inLanguage":"es-CR","@id":"https:\/\/gonatcr.com\/es\/#\/schema\/logo\/image\/","url":"https:\/\/gonatcr.com\/wp-content\/uploads\/2024\/02\/gonat_logo_sitio.png","contentUrl":"https:\/\/gonatcr.com\/wp-content\/uploads\/2024\/02\/gonat_logo_sitio.png","width":1459,"height":417,"caption":"gonatcr.com"},"image":{"@id":"https:\/\/gonatcr.com\/es\/#\/schema\/logo\/image\/"}}]}},"_links":{"self":[{"href":"https:\/\/gonatcr.com\/es\/wp-json\/wp\/v2\/pages\/722","targetHints":{"allow":["GET"]}}],"collection":[{"href":"https:\/\/gonatcr.com\/es\/wp-json\/wp\/v2\/pages"}],"about":[{"href":"https:\/\/gonatcr.com\/es\/wp-json\/wp\/v2\/types\/page"}],"author":[{"embeddable":true,"href":"https:\/\/gonatcr.com\/es\/wp-json\/wp\/v2\/users\/1"}],"replies":[{"embeddable":true,"href":"https:\/\/gonatcr.com\/es\/wp-json\/wp\/v2\/comments?post=722"}],"version-history":[{"count":53,"href":"https:\/\/gonatcr.com\/es\/wp-json\/wp\/v2\/pages\/722\/revisions"}],"predecessor-version":[{"id":2623,"href":"https:\/\/gonatcr.com\/es\/wp-json\/wp\/v2\/pages\/722\/revisions\/2623"}],"wp:attachment":[{"href":"https:\/\/gonatcr.com\/es\/wp-json\/wp\/v2\/media?parent=722"}],"curies":[{"name":"wp","href":"https:\/\/api.w.org\/{rel}","templated":true}]}}