{"id":718,"date":"2024-02-23T17:28:24","date_gmt":"2024-02-23T23:28:24","guid":{"rendered":"https:\/\/gonatcr.com\/?page_id=718"},"modified":"2026-01-31T15:10:29","modified_gmt":"2026-01-31T21:10:29","slug":"detail-nature-boat-tour","status":"publish","type":"page","link":"https:\/\/gonatcr.com\/es\/detail-nature-boat-tour\/","title":{"rendered":"Detail NATURE BOAT TOUR"},"content":{"rendered":"<div data-elementor-type=\"wp-page\" data-elementor-id=\"718\" class=\"elementor elementor-718\" data-elementor-post-type=\"page\">\n\t\t\t\t\t\t<section class=\"elementor-section elementor-top-section elementor-element elementor-element-57667ff8 elementor-section-boxed elementor-section-height-default elementor-section-height-default\" data-id=\"57667ff8\" data-element_type=\"section\" data-e-type=\"section\" data-settings=\"{&quot;background_background&quot;:&quot;classic&quot;}\">\n\t\t\t\t\t\t\t<div class=\"elementor-background-overlay\"><\/div>\n\t\t\t\t\t\t\t<div class=\"elementor-container elementor-column-gap-default\">\n\t\t\t\t\t<div class=\"elementor-column elementor-col-100 elementor-top-column elementor-element elementor-element-9e83061\" data-id=\"9e83061\" data-element_type=\"column\" data-e-type=\"column\">\n\t\t\t<div class=\"elementor-widget-wrap\">\n\t\t\t\t\t\t\t<\/div>\n\t\t<\/div>\n\t\t\t\t\t<\/div>\n\t\t<\/section>\n\t\t\t\t<section class=\"elementor-section elementor-top-section elementor-element elementor-element-675ed106 elementor-section-boxed elementor-section-height-default elementor-section-height-default\" data-id=\"675ed106\" data-element_type=\"section\" data-e-type=\"section\">\n\t\t\t\t\t\t<div class=\"elementor-container elementor-column-gap-default\">\n\t\t\t\t\t<div class=\"elementor-column elementor-col-100 elementor-top-column elementor-element elementor-element-45ab8f6e\" data-id=\"45ab8f6e\" data-element_type=\"column\" data-e-type=\"column\">\n\t\t\t<div class=\"elementor-widget-wrap elementor-element-populated\">\n\t\t\t\t\t\t<div class=\"elementor-element elementor-element-1035d026 elementor-hidden-tablet elementor-hidden-mobile elementor-widget elementor-widget-heading\" data-id=\"1035d026\" data-element_type=\"widget\" data-e-type=\"widget\" data-widget_type=\"heading.default\">\n\t\t\t\t<div class=\"elementor-widget-container\">\n\t\t\t\t\t<h2 class=\"elementor-heading-title elementor-size-default\">NATURE TOUR DE BOTE<\/h2>\t\t\t\t<\/div>\n\t\t\t\t<\/div>\n\t\t\t\t<div class=\"elementor-element elementor-element-9dfa3de elementor-hidden-desktop elementor-widget elementor-widget-heading\" data-id=\"9dfa3de\" data-element_type=\"widget\" data-e-type=\"widget\" data-widget_type=\"heading.default\">\n\t\t\t\t<div class=\"elementor-widget-container\">\n\t\t\t\t\t<h2 class=\"elementor-heading-title elementor-size-default\">NATURE <br>  BOAT TOUR<\/h2>\t\t\t\t<\/div>\n\t\t\t\t<\/div>\n\t\t\t\t<div class=\"elementor-element elementor-element-79d804ac elementor-widget__width-auto elementor-icon-list--layout-traditional elementor-list-item-link-full_width elementor-widget elementor-widget-icon-list\" data-id=\"79d804ac\" data-element_type=\"widget\" data-e-type=\"widget\" data-widget_type=\"icon-list.default\">\n\t\t\t\t<div class=\"elementor-widget-container\">\n\t\t\t\t\t\t\t<ul class=\"elementor-icon-list-items\">\n\t\t\t\t\t\t\t<li class=\"elementor-icon-list-item\">\n\t\t\t\t\t\t\t\t\t\t\t<a href=\"https:\/\/www.google.com\/maps\/place\/Provincia+de+Puntarenas,+Puntarenas\/@9.7826856,-84.6361465,15z\/data=!4m6!3m5!1s0x8fa02eb96dada6b7:0x3f48bd110f83d5ec!8m2!3d9.9778439!4d-84.8294211!16zL20vMDR4ODVk?entry=ttu\">\n\n\t\t\t\t\t\t\t\t\t\t\t\t<span class=\"elementor-icon-list-icon\">\n\t\t\t\t\t\t\t<svg aria-hidden=\"true\" class=\"e-font-icon-svg e-fas-map-marker-alt\" viewbox=\"0 0 384 512\" xmlns=\"http:\/\/www.w3.org\/2000\/svg\"><path d=\"M172.268 501.67C26.97 291.031 0 269.413 0 192 0 85.961 85.961 0 192 0s192 85.961 192 192c0 77.413-26.97 99.031-172.268 309.67-9.535 13.774-29.93 13.773-39.464 0zM192 272c44.183 0 80-35.817 80-80s-35.817-80-80-80-80 35.817-80 80 35.817 80 80 80z\"><\/path><\/svg>\t\t\t\t\t\t<\/span>\n\t\t\t\t\t\t\t\t\t\t<span class=\"elementor-icon-list-text\">T\u00e1rcoles, Puntarenas<\/span>\n\t\t\t\t\t\t\t\t\t\t\t<\/a>\n\t\t\t\t\t\t\t\t\t<\/li>\n\t\t\t\t\t\t<\/ul>\n\t\t\t\t\t\t<\/div>\n\t\t\t\t<\/div>\n\t\t\t\t<div class=\"elementor-element elementor-element-4c5eaf91 elementor-widget__width-auto elementor--star-style-star_unicode elementor-widget elementor-widget-star-rating\" data-id=\"4c5eaf91\" data-element_type=\"widget\" data-e-type=\"widget\" data-widget_type=\"star-rating.default\">\n\t\t\t\t<div class=\"elementor-widget-container\">\n\t\t\t\t\t\t\t<div class=\"elementor-star-rating__wrapper\">\n\t\t\t\t\t\t<div class=\"elementor-star-rating\" itemtype=\"http:\/\/schema.org\/Rating\" itemscope=\"\" itemprop=\"reviewRating\">\n\t\t\t\t<i class=\"elementor-star-full\" aria-hidden=\"true\">&#9733;<\/i><i class=\"elementor-star-full\" aria-hidden=\"true\">&#9733;<\/i><i class=\"elementor-star-full\" aria-hidden=\"true\">&#9733;<\/i><i class=\"elementor-star-full\" aria-hidden=\"true\">&#9733;<\/i><i class=\"elementor-star-5\" aria-hidden=\"true\">&#9733;<\/i>\t\t\t\t<span itemprop=\"ratingValue\" class=\"elementor-screen-only\">Rated 4.5 out of 5<\/span>\n\t\t\t<\/div>\n\t\t<\/div>\n\t\t\t\t\t\t<\/div>\n\t\t\t\t<\/div>\n\t\t\t\t<div class=\"elementor-element elementor-element-6edda883 elementor-widget__width-auto elementor-widget elementor-widget-heading\" data-id=\"6edda883\" data-element_type=\"widget\" data-e-type=\"widget\" data-widget_type=\"heading.default\">\n\t\t\t\t<div class=\"elementor-widget-container\">\n\t\t\t\t\t<h2 class=\"elementor-heading-title elementor-size-default\">(4.9)<\/h2>\t\t\t\t<\/div>\n\t\t\t\t<\/div>\n\t\t\t\t<div class=\"elementor-element elementor-element-9441607 elementor-widget elementor-widget-heading\" data-id=\"9441607\" data-element_type=\"widget\" data-e-type=\"widget\" data-widget_type=\"heading.default\">\n\t\t\t\t<div class=\"elementor-widget-container\">\n\t\t\t\t\t<p class=\"elementor-heading-title elementor-size-default\">Bienvenido al ambiente relajado del R\u00edo T\u00e1rcoles: tu boleto a un d\u00eda tranquilo bajo el sol tropical, rodeado de la belleza de la naturaleza. Este no es el t\u00edpico paseo fluvial; es una traves\u00eda informal dise\u00f1ada para amantes de la naturaleza, familias y quienes buscan una aventura en solitario. <br> <br>\n\nEn este tranquilo recorrido, no se trata solo de llegar a un destino; se trata de disfrutar de la tranquilidad de estos extraordinarios ecosistemas. T\u00f3mate un momento para sumergirte en la tranquilidad de los manglares y el estuario, creando un ambiente relajado que te garantizar\u00e1 que tu recorrido fluvial quedar\u00e1 grabado en la memoria. \u00a1Prep\u00e1rate para navegar con nosotros por los rincones m\u00e1s incre\u00edbles de la naturaleza sin esfuerzo! <br><br>\n\nUna vez que suba a bordo, nuestro gu\u00eda le compartir\u00e1 algunos consejos r\u00e1pidos de seguridad; la seguridad es lo primero, pero no se preocupe. Navegue por el agua y disfrute de un encuentro \u00edntimo con los lugare\u00f1os: observe cocodrilos tomando el sol, iguanas tomando el sol, basiliscos corriendo veloces haciendo su danza fluvial, conecte con un mart\u00edn pescador haciendo lo suyo, relaj\u00e1ndose mientras captura su sabrosa presa, mantenga sus sentidos alerta mientras recorre el paisaje y mant\u00e9ngase alerta ante una vista verdaderamente espectacular: la esquiva esp\u00e1tula rosada, luciendo su vibrante plumaje rosa como una obra de arte viviente. <br> <br>\n\nAs\u00ed que, rel\u00e1jate y deja que el r\u00edo T\u00e1rcoles te desvele lentamente sus maravillas. Esto no es solo un tour; es una cita relajada con la naturaleza.<\/p>\t\t\t\t<\/div>\n\t\t\t\t<\/div>\n\t\t\t\t\t<\/div>\n\t\t<\/div>\n\t\t\t\t\t<\/div>\n\t\t<\/section>\n\t\t\t\t<section class=\"elementor-section elementor-top-section elementor-element elementor-element-90f8cb7 elementor-section-boxed elementor-section-height-default elementor-section-height-default\" data-id=\"90f8cb7\" data-element_type=\"section\" data-e-type=\"section\" data-settings=\"{&quot;background_background&quot;:&quot;classic&quot;}\">\n\t\t\t\t\t\t<div class=\"elementor-container elementor-column-gap-no\">\n\t\t\t\t\t<div class=\"elementor-column elementor-col-100 elementor-top-column elementor-element elementor-element-69199ff0 envato-kit-202-carousel\" data-id=\"69199ff0\" data-element_type=\"column\" data-e-type=\"column\">\n\t\t\t<div class=\"elementor-widget-wrap elementor-element-populated\">\n\t\t\t\t\t\t<div class=\"elementor-element elementor-element-14f7ca10 elementor-pagination-position-outside elementor-invisible elementor-widget elementor-widget-image-carousel\" data-id=\"14f7ca10\" data-element_type=\"widget\" data-e-type=\"widget\" data-settings=\"{&quot;slides_to_show&quot;:&quot;3&quot;,&quot;slides_to_scroll&quot;:&quot;1&quot;,&quot;autoplay&quot;:&quot;no&quot;,&quot;image_spacing_custom&quot;:{&quot;unit&quot;:&quot;px&quot;,&quot;size&quot;:40,&quot;sizes&quot;:[]},&quot;_animation&quot;:&quot;fadeIn&quot;,&quot;_animation_delay&quot;:800,&quot;navigation&quot;:&quot;dots&quot;,&quot;infinite&quot;:&quot;yes&quot;,&quot;speed&quot;:500,&quot;image_spacing_custom_tablet&quot;:{&quot;unit&quot;:&quot;px&quot;,&quot;size&quot;:&quot;&quot;,&quot;sizes&quot;:[]},&quot;image_spacing_custom_mobile&quot;:{&quot;unit&quot;:&quot;px&quot;,&quot;size&quot;:&quot;&quot;,&quot;sizes&quot;:[]}}\" data-widget_type=\"image-carousel.default\">\n\t\t\t\t<div class=\"elementor-widget-container\">\n\t\t\t\t\t\t\t<div class=\"elementor-image-carousel-wrapper swiper\" role=\"region\" aria-roledescription=\"carousel\" aria-label=\"Carrusel de im\u00e1genes\" dir=\"ltr\">\n\t\t\t<div class=\"elementor-image-carousel swiper-wrapper\" aria-live=\"polite\">\n\t\t\t\t\t\t\t\t<div class=\"swiper-slide\" role=\"group\" aria-roledescription=\"slide\" aria-label=\"1 of 7\"><a data-elementor-open-lightbox=\"yes\" data-elementor-lightbox-slideshow=\"14f7ca10\" data-elementor-lightbox-title=\"Crocodile\" data-elementor-lightbox-description=\"Cocodrilo\" data-e-action-hash=\"#elementor-action%3Aaction%3Dlightbox%26settings%3DeyJpZCI6MjYyNywidXJsIjoiaHR0cHM6XC9cL2dvbmF0Y3IuY29tXC93cC1jb250ZW50XC91cGxvYWRzXC8yMDI2XC8wMVwvQ3JvY29kaWxlLmpwZyIsInNsaWRlc2hvdyI6IjE0ZjdjYTEwIn0%3D\" href=\"https:\/\/gonatcr.com\/wp-content\/uploads\/2026\/01\/Crocodile.jpg\"><figure class=\"swiper-slide-inner\"><img decoding=\"async\" class=\"swiper-slide-image\" src=\"https:\/\/gonatcr.com\/wp-content\/uploads\/elementor\/thumbs\/Crocodile-rihe1gtcuaqd4m3kn5st9ruffx7ln4a162p13ngsig.jpg\" alt=\"Crocodile\" \/><\/figure><\/a><\/div><div class=\"swiper-slide\" role=\"group\" aria-roledescription=\"slide\" aria-label=\"2 of 7\"><a data-elementor-open-lightbox=\"yes\" data-elementor-lightbox-slideshow=\"14f7ca10\" data-elementor-lightbox-title=\"On the boat\" data-elementor-lightbox-description=\"En el bote\" data-e-action-hash=\"#elementor-action%3Aaction%3Dlightbox%26settings%3DeyJpZCI6MjYyOCwidXJsIjoiaHR0cHM6XC9cL2dvbmF0Y3IuY29tXC93cC1jb250ZW50XC91cGxvYWRzXC8yMDI2XC8wMVwvT24tdGhlLWJvYXQuanBnIiwic2xpZGVzaG93IjoiMTRmN2NhMTAifQ%3D%3D\" href=\"https:\/\/gonatcr.com\/wp-content\/uploads\/2026\/01\/On-the-boat.jpg\"><figure class=\"swiper-slide-inner\"><img decoding=\"async\" class=\"swiper-slide-image\" src=\"https:\/\/gonatcr.com\/wp-content\/uploads\/elementor\/thumbs\/On-the-boat-rihe1kkplmvif1y417fbjqw9tgp2hwoyilaz0rb7tk.jpg\" alt=\"On the boat\" \/><\/figure><\/a><\/div><div class=\"swiper-slide\" role=\"group\" aria-roledescription=\"slide\" aria-label=\"3 of 7\"><a data-elementor-open-lightbox=\"yes\" data-elementor-lightbox-slideshow=\"14f7ca10\" data-elementor-lightbox-title=\"Bird Eating\" data-elementor-lightbox-description=\"Ave Comiendo\" data-e-action-hash=\"#elementor-action%3Aaction%3Dlightbox%26settings%3DeyJpZCI6MjAwMywidXJsIjoiaHR0cHM6XC9cL2dvbmF0Y3IuY29tXC93cC1jb250ZW50XC91cGxvYWRzXC8yMDI0XC8xMVwvNS5OYXR1cmUtQm9hdC1zY2FsZWQud2VicCIsInNsaWRlc2hvdyI6IjE0ZjdjYTEwIn0%3D\" href=\"https:\/\/gonatcr.com\/wp-content\/uploads\/2024\/11\/5.Nature-Boat-scaled.webp\"><figure class=\"swiper-slide-inner\"><img decoding=\"async\" class=\"swiper-slide-image\" src=\"https:\/\/gonatcr.com\/wp-content\/uploads\/elementor\/thumbs\/5.Nature-Boat-scaled-qx42wony3qywa0813pp57i5ml1ge7106zkwiw61rh4.webp\" alt=\"Bird Eating\" \/><\/figure><\/a><\/div><div class=\"swiper-slide\" role=\"group\" aria-roledescription=\"slide\" aria-label=\"4 of 7\"><a data-elementor-open-lightbox=\"yes\" data-elementor-lightbox-slideshow=\"14f7ca10\" data-elementor-lightbox-title=\"Pink Birds\" data-elementor-lightbox-description=\"Aves rosas\" data-e-action-hash=\"#elementor-action%3Aaction%3Dlightbox%26settings%3DeyJpZCI6MjAwNCwidXJsIjoiaHR0cHM6XC9cL2dvbmF0Y3IuY29tXC93cC1jb250ZW50XC91cGxvYWRzXC8yMDI0XC8xMVwvNi5OYXR1cmUtQm9hdC1zY2FsZWQud2VicCIsInNsaWRlc2hvdyI6IjE0ZjdjYTEwIn0%3D\" href=\"https:\/\/gonatcr.com\/wp-content\/uploads\/2024\/11\/6.Nature-Boat-scaled.webp\"><figure class=\"swiper-slide-inner\"><img decoding=\"async\" class=\"swiper-slide-image\" src=\"https:\/\/gonatcr.com\/wp-content\/uploads\/elementor\/thumbs\/6.Nature-Boat-scaled-ricb6xzq8tr67tkwybuwhcluojmmhx4ahm0pu1fsk8.webp\" alt=\"Pink Birds\" \/><\/figure><\/a><\/div><div class=\"swiper-slide\" role=\"group\" aria-roledescription=\"slide\" aria-label=\"5 of 7\"><a data-elementor-open-lightbox=\"yes\" data-elementor-lightbox-slideshow=\"14f7ca10\" data-elementor-lightbox-title=\"Tarcoles River\" data-e-action-hash=\"#elementor-action%3Aaction%3Dlightbox%26settings%3DeyJpZCI6MjYyOSwidXJsIjoiaHR0cHM6XC9cL2dvbmF0Y3IuY29tXC93cC1jb250ZW50XC91cGxvYWRzXC8yMDI2XC8wMVwvVGFyY29sZXMtUml2ZXIuanBnIiwic2xpZGVzaG93IjoiMTRmN2NhMTAifQ%3D%3D\" href=\"https:\/\/gonatcr.com\/wp-content\/uploads\/2026\/01\/Tarcoles-River.jpg\"><figure class=\"swiper-slide-inner\"><img decoding=\"async\" class=\"swiper-slide-image\" src=\"https:\/\/gonatcr.com\/wp-content\/uploads\/elementor\/thumbs\/Tarcoles-River-rihe1mgdzay329vdq88koqf708fsxawf6ulxzb8fh4.jpg\" alt=\"River\" \/><\/figure><\/a><\/div><div class=\"swiper-slide\" role=\"group\" aria-roledescription=\"slide\" aria-label=\"6 of 7\"><a data-elementor-open-lightbox=\"yes\" data-elementor-lightbox-slideshow=\"14f7ca10\" data-elementor-lightbox-title=\"Bird Family\" data-elementor-lightbox-description=\"Familia de Aves \" data-e-action-hash=\"#elementor-action%3Aaction%3Dlightbox%26settings%3DeyJpZCI6MjAwMSwidXJsIjoiaHR0cHM6XC9cL2dvbmF0Y3IuY29tXC93cC1jb250ZW50XC91cGxvYWRzXC8yMDI0XC8xMVwvMy5OYXR1cmUtQm9hdC1zY2FsZWQud2VicCIsInNsaWRlc2hvdyI6IjE0ZjdjYTEwIn0%3D\" href=\"https:\/\/gonatcr.com\/wp-content\/uploads\/2024\/11\/3.Nature-Boat-scaled.webp\"><figure class=\"swiper-slide-inner\"><img decoding=\"async\" class=\"swiper-slide-image\" src=\"https:\/\/gonatcr.com\/wp-content\/uploads\/elementor\/thumbs\/3.Nature-Boat-scaled-qx42y1jjz4tt1q916atqt5tlh2rhbae8iatruk1ahk.webp\" alt=\"Bird Family\" \/><\/figure><\/a><\/div><div class=\"swiper-slide\" role=\"group\" aria-roledescription=\"slide\" aria-label=\"7 of 7\"><a data-elementor-open-lightbox=\"yes\" data-elementor-lightbox-slideshow=\"14f7ca10\" data-elementor-lightbox-title=\"Macaws\" data-elementor-lightbox-description=\"Lapas\" data-e-action-hash=\"#elementor-action%3Aaction%3Dlightbox%26settings%3DeyJpZCI6MjAwMiwidXJsIjoiaHR0cHM6XC9cL2dvbmF0Y3IuY29tXC93cC1jb250ZW50XC91cGxvYWRzXC8yMDI0XC8xMVwvNC5OYXR1cmUtQm9hdC1zY2FsZWQud2VicCIsInNsaWRlc2hvdyI6IjE0ZjdjYTEwIn0%3D\" href=\"https:\/\/gonatcr.com\/wp-content\/uploads\/2024\/11\/4.Nature-Boat-scaled.webp\"><figure class=\"swiper-slide-inner\"><img decoding=\"async\" class=\"swiper-slide-image\" src=\"https:\/\/gonatcr.com\/wp-content\/uploads\/elementor\/thumbs\/4.Nature-Boat-scaled-qx42xe1l89xmzh75zio2ktr2mfzayusy32imun04t4.webp\" alt=\"Macaws\" \/><\/figure><\/a><\/div>\t\t\t<\/div>\n\t\t\t\t\t\t\t\n\t\t\t\t\t\t\t\t\t<div class=\"swiper-pagination\"><\/div>\n\t\t\t\t\t\t\t\t\t<\/div>\n\t\t\t\t\t\t<\/div>\n\t\t\t\t<\/div>\n\t\t\t\t\t<\/div>\n\t\t<\/div>\n\t\t\t\t\t<\/div>\n\t\t<\/section>\n\t\t\t\t<\/div>","protected":false},"excerpt":{"rendered":"<p>NATURE BOAT TOUR NATURE BOAT TOUR T\u00e1rcoles, Puntarenas &#9733;&#9733;&#9733;&#9733;&#9733; Valorado con 4.5 de 5 (4.9) Welcome to the laid-back vibes of the Tarcoles River \u2013 your ticket to a chill day under the tropical sun, surrounded by the beauty of nature. This isn&#8217;t your typical river ride; it&#8217;s a casual journey crafted for nature lovers, [&hellip;]<\/p>\n","protected":false},"author":1,"featured_media":0,"parent":0,"menu_order":0,"comment_status":"closed","ping_status":"closed","template":"elementor_header_footer","meta":{"footnotes":""},"class_list":["post-718","page","type-page","status-publish","hentry"],"yoast_head":"<!-- This site is optimized with the Yoast SEO plugin v27.4 - https:\/\/yoast.com\/product\/yoast-seo-wordpress\/ -->\n<title>Detail NATURE BOAT TOUR - gonatcr.com<\/title>\n<meta name=\"description\" content=\"Embark on an unforgettable nature boat tour with our comprehensive guide.\" \/>\n<meta name=\"robots\" content=\"index, follow, max-snippet:-1, max-image-preview:large, max-video-preview:-1\" \/>\n<link rel=\"canonical\" href=\"https:\/\/gonatcr.com\/es\/detail-nature-boat-tour\/\" \/>\n<meta property=\"og:locale\" content=\"es_ES\" \/>\n<meta property=\"og:type\" content=\"article\" \/>\n<meta property=\"og:title\" content=\"Detail NATURE BOAT TOUR - gonatcr.com\" \/>\n<meta property=\"og:description\" content=\"Embark on an unforgettable nature boat tour with our comprehensive guide.\" \/>\n<meta property=\"og:url\" content=\"https:\/\/gonatcr.com\/es\/detail-nature-boat-tour\/\" \/>\n<meta property=\"og:site_name\" content=\"gonatcr.com\" \/>\n<meta property=\"article:modified_time\" content=\"2026-01-31T21:10:29+00:00\" \/>\n<meta property=\"og:image\" content=\"https:\/\/gonatcr.com\/wp-content\/uploads\/elementor\/thumbs\/Crocodile-rihe1gtcuaqd4m3kn5st9ruffx7ln4a162p13ngsig.jpg\" \/>\n<meta name=\"twitter:card\" content=\"summary_large_image\" \/>\n<meta name=\"twitter:label1\" content=\"Est. reading time\" \/>\n\t<meta name=\"twitter:data1\" content=\"4 minutos\" \/>\n<script type=\"application\/ld+json\" class=\"yoast-schema-graph\">{\"@context\":\"https:\\\/\\\/schema.org\",\"@graph\":[{\"@type\":\"WebPage\",\"@id\":\"https:\\\/\\\/gonatcr.com\\\/en\\\/detail-nature-boat-tour\\\/\",\"url\":\"https:\\\/\\\/gonatcr.com\\\/en\\\/detail-nature-boat-tour\\\/\",\"name\":\"Detail NATURE BOAT TOUR - gonatcr.com\",\"isPartOf\":{\"@id\":\"https:\\\/\\\/gonatcr.com\\\/es\\\/#website\"},\"primaryImageOfPage\":{\"@id\":\"https:\\\/\\\/gonatcr.com\\\/en\\\/detail-nature-boat-tour\\\/#primaryimage\"},\"image\":{\"@id\":\"https:\\\/\\\/gonatcr.com\\\/en\\\/detail-nature-boat-tour\\\/#primaryimage\"},\"thumbnailUrl\":\"https:\\\/\\\/gonatcr.com\\\/wp-content\\\/uploads\\\/elementor\\\/thumbs\\\/Crocodile-rihe1gtcuaqd4m3kn5st9ruffx7ln4a162p13ngsig.jpg\",\"datePublished\":\"2024-02-23T23:28:24+00:00\",\"dateModified\":\"2026-01-31T21:10:29+00:00\",\"description\":\"Embark on an unforgettable nature boat tour with our comprehensive guide.\",\"breadcrumb\":{\"@id\":\"https:\\\/\\\/gonatcr.com\\\/en\\\/detail-nature-boat-tour\\\/#breadcrumb\"},\"inLanguage\":\"es-CR\",\"potentialAction\":[{\"@type\":\"ReadAction\",\"target\":[\"https:\\\/\\\/gonatcr.com\\\/en\\\/detail-nature-boat-tour\\\/\"]}]},{\"@type\":\"ImageObject\",\"inLanguage\":\"es-CR\",\"@id\":\"https:\\\/\\\/gonatcr.com\\\/en\\\/detail-nature-boat-tour\\\/#primaryimage\",\"url\":\"https:\\\/\\\/gonatcr.com\\\/wp-content\\\/uploads\\\/elementor\\\/thumbs\\\/Crocodile-rihe1gtcuaqd4m3kn5st9ruffx7ln4a162p13ngsig.jpg\",\"contentUrl\":\"https:\\\/\\\/gonatcr.com\\\/wp-content\\\/uploads\\\/elementor\\\/thumbs\\\/Crocodile-rihe1gtcuaqd4m3kn5st9ruffx7ln4a162p13ngsig.jpg\"},{\"@type\":\"BreadcrumbList\",\"@id\":\"https:\\\/\\\/gonatcr.com\\\/en\\\/detail-nature-boat-tour\\\/#breadcrumb\",\"itemListElement\":[{\"@type\":\"ListItem\",\"position\":1,\"name\":\"HOME GoNat\",\"item\":\"https:\\\/\\\/gonatcr.com\\\/\"},{\"@type\":\"ListItem\",\"position\":2,\"name\":\"Detail NATURE BOAT TOUR\"}]},{\"@type\":\"WebSite\",\"@id\":\"https:\\\/\\\/gonatcr.com\\\/es\\\/#website\",\"url\":\"https:\\\/\\\/gonatcr.com\\\/es\\\/\",\"name\":\"gonatcr.com\",\"description\":\"GoNat is the website of a tourism agency in Costa Rica.\",\"publisher\":{\"@id\":\"https:\\\/\\\/gonatcr.com\\\/es\\\/#organization\"},\"potentialAction\":[{\"@type\":\"SearchAction\",\"target\":{\"@type\":\"EntryPoint\",\"urlTemplate\":\"https:\\\/\\\/gonatcr.com\\\/es\\\/?s={search_term_string}\"},\"query-input\":{\"@type\":\"PropertyValueSpecification\",\"valueRequired\":true,\"valueName\":\"search_term_string\"}}],\"inLanguage\":\"es-CR\"},{\"@type\":\"Organization\",\"@id\":\"https:\\\/\\\/gonatcr.com\\\/es\\\/#organization\",\"name\":\"gonatcr.com\",\"url\":\"https:\\\/\\\/gonatcr.com\\\/es\\\/\",\"logo\":{\"@type\":\"ImageObject\",\"inLanguage\":\"es-CR\",\"@id\":\"https:\\\/\\\/gonatcr.com\\\/es\\\/#\\\/schema\\\/logo\\\/image\\\/\",\"url\":\"https:\\\/\\\/gonatcr.com\\\/wp-content\\\/uploads\\\/2024\\\/02\\\/gonat_logo_sitio.png\",\"contentUrl\":\"https:\\\/\\\/gonatcr.com\\\/wp-content\\\/uploads\\\/2024\\\/02\\\/gonat_logo_sitio.png\",\"width\":1459,\"height\":417,\"caption\":\"gonatcr.com\"},\"image\":{\"@id\":\"https:\\\/\\\/gonatcr.com\\\/es\\\/#\\\/schema\\\/logo\\\/image\\\/\"}}]}<\/script>\n<!-- \/ Yoast SEO plugin. -->","yoast_head_json":{"title":"Detail NATURE BOAT TOUR - gonatcr.com","description":"Embark on an unforgettable nature boat tour with our comprehensive guide.","robots":{"index":"index","follow":"follow","max-snippet":"max-snippet:-1","max-image-preview":"max-image-preview:large","max-video-preview":"max-video-preview:-1"},"canonical":"https:\/\/gonatcr.com\/es\/detail-nature-boat-tour\/","og_locale":"es_ES","og_type":"article","og_title":"Detail NATURE BOAT TOUR - gonatcr.com","og_description":"Embark on an unforgettable nature boat tour with our comprehensive guide.","og_url":"https:\/\/gonatcr.com\/es\/detail-nature-boat-tour\/","og_site_name":"gonatcr.com","article_modified_time":"2026-01-31T21:10:29+00:00","og_image":[{"url":"https:\/\/gonatcr.com\/wp-content\/uploads\/elementor\/thumbs\/Crocodile-rihe1gtcuaqd4m3kn5st9ruffx7ln4a162p13ngsig.jpg","type":"","width":"","height":""}],"twitter_card":"summary_large_image","twitter_misc":{"Est. reading time":"4 minutos"},"schema":{"@context":"https:\/\/schema.org","@graph":[{"@type":"WebPage","@id":"https:\/\/gonatcr.com\/en\/detail-nature-boat-tour\/","url":"https:\/\/gonatcr.com\/en\/detail-nature-boat-tour\/","name":"Detail NATURE BOAT TOUR - gonatcr.com","isPartOf":{"@id":"https:\/\/gonatcr.com\/es\/#website"},"primaryImageOfPage":{"@id":"https:\/\/gonatcr.com\/en\/detail-nature-boat-tour\/#primaryimage"},"image":{"@id":"https:\/\/gonatcr.com\/en\/detail-nature-boat-tour\/#primaryimage"},"thumbnailUrl":"https:\/\/gonatcr.com\/wp-content\/uploads\/elementor\/thumbs\/Crocodile-rihe1gtcuaqd4m3kn5st9ruffx7ln4a162p13ngsig.jpg","datePublished":"2024-02-23T23:28:24+00:00","dateModified":"2026-01-31T21:10:29+00:00","description":"Embark on an unforgettable nature boat tour with our comprehensive guide.","breadcrumb":{"@id":"https:\/\/gonatcr.com\/en\/detail-nature-boat-tour\/#breadcrumb"},"inLanguage":"es-CR","potentialAction":[{"@type":"ReadAction","target":["https:\/\/gonatcr.com\/en\/detail-nature-boat-tour\/"]}]},{"@type":"ImageObject","inLanguage":"es-CR","@id":"https:\/\/gonatcr.com\/en\/detail-nature-boat-tour\/#primaryimage","url":"https:\/\/gonatcr.com\/wp-content\/uploads\/elementor\/thumbs\/Crocodile-rihe1gtcuaqd4m3kn5st9ruffx7ln4a162p13ngsig.jpg","contentUrl":"https:\/\/gonatcr.com\/wp-content\/uploads\/elementor\/thumbs\/Crocodile-rihe1gtcuaqd4m3kn5st9ruffx7ln4a162p13ngsig.jpg"},{"@type":"BreadcrumbList","@id":"https:\/\/gonatcr.com\/en\/detail-nature-boat-tour\/#breadcrumb","itemListElement":[{"@type":"ListItem","position":1,"name":"HOME GoNat","item":"https:\/\/gonatcr.com\/"},{"@type":"ListItem","position":2,"name":"Detail NATURE BOAT TOUR"}]},{"@type":"WebSite","@id":"https:\/\/gonatcr.com\/es\/#website","url":"https:\/\/gonatcr.com\/es\/","name":"gonatcr.com","description":"GoNat is the website of a tourism agency in Costa Rica.","publisher":{"@id":"https:\/\/gonatcr.com\/es\/#organization"},"potentialAction":[{"@type":"SearchAction","target":{"@type":"EntryPoint","urlTemplate":"https:\/\/gonatcr.com\/es\/?s={search_term_string}"},"query-input":{"@type":"PropertyValueSpecification","valueRequired":true,"valueName":"search_term_string"}}],"inLanguage":"es-CR"},{"@type":"Organization","@id":"https:\/\/gonatcr.com\/es\/#organization","name":"gonatcr.com","url":"https:\/\/gonatcr.com\/es\/","logo":{"@type":"ImageObject","inLanguage":"es-CR","@id":"https:\/\/gonatcr.com\/es\/#\/schema\/logo\/image\/","url":"https:\/\/gonatcr.com\/wp-content\/uploads\/2024\/02\/gonat_logo_sitio.png","contentUrl":"https:\/\/gonatcr.com\/wp-content\/uploads\/2024\/02\/gonat_logo_sitio.png","width":1459,"height":417,"caption":"gonatcr.com"},"image":{"@id":"https:\/\/gonatcr.com\/es\/#\/schema\/logo\/image\/"}}]}},"_links":{"self":[{"href":"https:\/\/gonatcr.com\/es\/wp-json\/wp\/v2\/pages\/718","targetHints":{"allow":["GET"]}}],"collection":[{"href":"https:\/\/gonatcr.com\/es\/wp-json\/wp\/v2\/pages"}],"about":[{"href":"https:\/\/gonatcr.com\/es\/wp-json\/wp\/v2\/types\/page"}],"author":[{"embeddable":true,"href":"https:\/\/gonatcr.com\/es\/wp-json\/wp\/v2\/users\/1"}],"replies":[{"embeddable":true,"href":"https:\/\/gonatcr.com\/es\/wp-json\/wp\/v2\/comments?post=718"}],"version-history":[{"count":72,"href":"https:\/\/gonatcr.com\/es\/wp-json\/wp\/v2\/pages\/718\/revisions"}],"predecessor-version":[{"id":2632,"href":"https:\/\/gonatcr.com\/es\/wp-json\/wp\/v2\/pages\/718\/revisions\/2632"}],"wp:attachment":[{"href":"https:\/\/gonatcr.com\/es\/wp-json\/wp\/v2\/media?parent=718"}],"curies":[{"name":"wp","href":"https:\/\/api.w.org\/{rel}","templated":true}]}}