{"id":695,"date":"2024-02-23T17:11:26","date_gmt":"2024-02-23T23:11:26","guid":{"rendered":"https:\/\/gonatcr.com\/?page_id=695"},"modified":"2024-03-12T23:15:05","modified_gmt":"2024-03-13T05:15:05","slug":"detail-photography-in-the-tarcoles-river","status":"publish","type":"page","link":"https:\/\/gonatcr.com\/es\/detail-photography-in-the-tarcoles-river\/","title":{"rendered":"Detail Photography in the Tarcoles River"},"content":{"rendered":"<div data-elementor-type=\"wp-page\" data-elementor-id=\"695\" class=\"elementor elementor-695\" data-elementor-post-type=\"page\">\n\t\t\t\t\t\t<section class=\"elementor-section elementor-top-section elementor-element elementor-element-57667ff8 elementor-section-boxed elementor-section-height-default elementor-section-height-default\" data-id=\"57667ff8\" data-element_type=\"section\" data-e-type=\"section\" data-settings=\"{&quot;background_background&quot;:&quot;classic&quot;}\">\n\t\t\t\t\t\t\t<div class=\"elementor-background-overlay\"><\/div>\n\t\t\t\t\t\t\t<div class=\"elementor-container elementor-column-gap-default\">\n\t\t\t\t\t<div class=\"elementor-column elementor-col-100 elementor-top-column elementor-element elementor-element-5e39336\" data-id=\"5e39336\" data-element_type=\"column\" data-e-type=\"column\">\n\t\t\t<div class=\"elementor-widget-wrap\">\n\t\t\t\t\t\t\t<\/div>\n\t\t<\/div>\n\t\t\t\t\t<\/div>\n\t\t<\/section>\n\t\t\t\t<section class=\"elementor-section elementor-top-section elementor-element elementor-element-675ed106 elementor-section-boxed elementor-section-height-default elementor-section-height-default\" data-id=\"675ed106\" data-element_type=\"section\" data-e-type=\"section\">\n\t\t\t\t\t\t<div class=\"elementor-container elementor-column-gap-default\">\n\t\t\t\t\t<div class=\"elementor-column elementor-col-100 elementor-top-column elementor-element elementor-element-45ab8f6e\" data-id=\"45ab8f6e\" data-element_type=\"column\" data-e-type=\"column\">\n\t\t\t<div class=\"elementor-widget-wrap elementor-element-populated\">\n\t\t\t\t\t\t<div class=\"elementor-element elementor-element-1035d026 elementor-widget elementor-widget-heading\" data-id=\"1035d026\" data-element_type=\"widget\" data-e-type=\"widget\" data-widget_type=\"heading.default\">\n\t\t\t\t<div class=\"elementor-widget-container\">\n\t\t\t\t\t<h2 class=\"elementor-heading-title elementor-size-default\">FOTOGRAF\u00cdA EN EL R\u00cdO TARCOLES<\/h2>\t\t\t\t<\/div>\n\t\t\t\t<\/div>\n\t\t\t\t<div class=\"elementor-element elementor-element-79d804ac elementor-widget__width-auto elementor-icon-list--layout-traditional elementor-list-item-link-full_width elementor-widget elementor-widget-icon-list\" data-id=\"79d804ac\" data-element_type=\"widget\" data-e-type=\"widget\" data-widget_type=\"icon-list.default\">\n\t\t\t\t<div class=\"elementor-widget-container\">\n\t\t\t\t\t\t\t<ul class=\"elementor-icon-list-items\">\n\t\t\t\t\t\t\t<li class=\"elementor-icon-list-item\">\n\t\t\t\t\t\t\t\t\t\t\t<a href=\"https:\/\/www.google.com\/maps\/place\/Provincia+de+Puntarenas,+Puntarenas\/@9.7826856,-84.6361465,15z\/data=!4m6!3m5!1s0x8fa02eb96dada6b7:0x3f48bd110f83d5ec!8m2!3d9.9778439!4d-84.8294211!16zL20vMDR4ODVk?entry=ttu\">\n\n\t\t\t\t\t\t\t\t\t\t\t\t<span class=\"elementor-icon-list-icon\">\n\t\t\t\t\t\t\t<svg aria-hidden=\"true\" class=\"e-font-icon-svg e-fas-map-marker-alt\" viewbox=\"0 0 384 512\" xmlns=\"http:\/\/www.w3.org\/2000\/svg\"><path d=\"M172.268 501.67C26.97 291.031 0 269.413 0 192 0 85.961 85.961 0 192 0s192 85.961 192 192c0 77.413-26.97 99.031-172.268 309.67-9.535 13.774-29.93 13.773-39.464 0zM192 272c44.183 0 80-35.817 80-80s-35.817-80-80-80-80 35.817-80 80 35.817 80 80 80z\"><\/path><\/svg>\t\t\t\t\t\t<\/span>\n\t\t\t\t\t\t\t\t\t\t<span class=\"elementor-icon-list-text\">T\u00e1rcoles, Puntarenas<\/span>\n\t\t\t\t\t\t\t\t\t\t\t<\/a>\n\t\t\t\t\t\t\t\t\t<\/li>\n\t\t\t\t\t\t<\/ul>\n\t\t\t\t\t\t<\/div>\n\t\t\t\t<\/div>\n\t\t\t\t<div class=\"elementor-element elementor-element-4c5eaf91 elementor-widget__width-auto elementor--star-style-star_unicode elementor-widget elementor-widget-star-rating\" data-id=\"4c5eaf91\" data-element_type=\"widget\" data-e-type=\"widget\" data-widget_type=\"star-rating.default\">\n\t\t\t\t<div class=\"elementor-widget-container\">\n\t\t\t\t\t\t\t<div class=\"elementor-star-rating__wrapper\">\n\t\t\t\t\t\t<div class=\"elementor-star-rating\" itemtype=\"http:\/\/schema.org\/Rating\" itemscope=\"\" itemprop=\"reviewRating\">\n\t\t\t\t<i class=\"elementor-star-full\" aria-hidden=\"true\">&#9733;<\/i><i class=\"elementor-star-full\" aria-hidden=\"true\">&#9733;<\/i><i class=\"elementor-star-full\" aria-hidden=\"true\">&#9733;<\/i><i class=\"elementor-star-full\" aria-hidden=\"true\">&#9733;<\/i><i class=\"elementor-star-5\" aria-hidden=\"true\">&#9733;<\/i>\t\t\t\t<span itemprop=\"ratingValue\" class=\"elementor-screen-only\">Rated 4.5 out of 5<\/span>\n\t\t\t<\/div>\n\t\t<\/div>\n\t\t\t\t\t\t<\/div>\n\t\t\t\t<\/div>\n\t\t\t\t<div class=\"elementor-element elementor-element-6edda883 elementor-widget__width-auto elementor-widget elementor-widget-heading\" data-id=\"6edda883\" data-element_type=\"widget\" data-e-type=\"widget\" data-widget_type=\"heading.default\">\n\t\t\t\t<div class=\"elementor-widget-container\">\n\t\t\t\t\t<h2 class=\"elementor-heading-title elementor-size-default\">(4.9)<\/h2>\t\t\t\t<\/div>\n\t\t\t\t<\/div>\n\t\t\t\t<div class=\"elementor-element elementor-element-9441607 elementor-widget elementor-widget-heading\" data-id=\"9441607\" data-element_type=\"widget\" data-e-type=\"widget\" data-widget_type=\"heading.default\">\n\t\t\t\t<div class=\"elementor-widget-container\">\n\t\t\t\t\t<p class=\"elementor-heading-title elementor-size-default\">Emb\u00e1rcate en una odisea aviar sin igual por el r\u00edo T\u00e1rcoles y presencia el despertar de la vida silvestre bajo el radiante sol. Perm\u00edtenos mejorar tu experiencia de observaci\u00f3n de aves brind\u00e1ndote experiencia profesional en el campo de la observaci\u00f3n de la naturaleza.<br><br>\n\nNuestro recorrido de observaci\u00f3n de aves, cuidadosamente organizado, comienza junto al r\u00edo. Navegamos hacia el muelle y emprendemos un viaje contemplativo por nuestro sendero natural hasta la orilla, de aproximadamente 8 minutos de duraci\u00f3n. En esta extensi\u00f3n selv\u00e1tica, se despliega ante nuestros ojos una gran variedad de maravillas aviares, incluyendo loros, colibr\u00edes, gavilanes de manglar y muchas otras especies. Al embarcar, se nos proporcionan instrucciones de seguridad detalladas y binoculares, iniciando nuestra trayectoria de navegaci\u00f3n por el lecho del r\u00edo o el manglar, seg\u00fan las condiciones de la marea.<br><br>\n\nNuestra excursi\u00f3n revela especies end\u00e9micas como el colibr\u00ed de manglar, el vireo, las reinitas y los papamoscas, ideales para los aficionados que buscan la m\u00e1xima expresi\u00f3n de la observaci\u00f3n de aves. Acomp\u00e1\u00f1enos a capturar los resplandecientes tonos del sol vespertino mientras las aves se congregan tras una jornada diurna. Sea testigo de la orquestaci\u00f3n de la actividad aviar, desde la sonora carcajada de los halcones hasta el vibrante espect\u00e1culo de las guacamayas rojas y el elegante ballet de aves playeras y lim\u00edcolas, que se despliegan entre pantanos, riberas y charcas.<br><br>\n\nPrep\u00e1rese para avistar especies residentes y migratorias, como el pato silbador de vientre negro, el pato criollo, la cerceta aliazul, la paloma torcaz, el avefr\u00eda sure\u00f1a, el gavil\u00e1n de Swainson, el tirano tropical, la golondrina com\u00fan y el resplandeciente azulejo \u00edndigo. \u00danase a nosotros en esta exploraci\u00f3n cient\u00edfica de la avifauna, donde cada habitante emplumado se convierte en un emblema de la rica biodiversidad del r\u00edo T\u00e1rcoles.<\/p>\t\t\t\t<\/div>\n\t\t\t\t<\/div>\n\t\t\t\t\t<\/div>\n\t\t<\/div>\n\t\t\t\t\t<\/div>\n\t\t<\/section>\n\t\t<div class=\"elementor-element elementor-element-38d352d e-flex e-con-boxed e-con e-parent\" data-id=\"38d352d\" data-element_type=\"container\" data-e-type=\"container\">\n\t\t\t\t\t<div class=\"e-con-inner\">\n\t\t\t\t\t<\/div>\n\t\t\t\t<\/div>\n\t\t\t\t<\/div>","protected":false},"excerpt":{"rendered":"<p>PHOTOGRAPHY IN THE TARCOLES RIVER T\u00e1rcoles, Puntarenas &#9733;&#9733;&#9733;&#9733;&#9733; 4.5\/5 (4.9) Embark on an unparalleled avian odyssey along the T\u00e1rcoles River and witness the awakening of wildlife in the radiant embrace of the sun. Let us elevate your birding experience by providing professional expertise in the realm of nature observation. Our meticulously curated birding tour begins [&hellip;]<\/p>\n","protected":false},"author":1,"featured_media":0,"parent":0,"menu_order":0,"comment_status":"closed","ping_status":"closed","template":"elementor_header_footer","meta":{"footnotes":""},"class_list":["post-695","page","type-page","status-publish","hentry"],"yoast_head":"<!-- This site is optimized with the Yoast SEO plugin v27.4 - https:\/\/yoast.com\/product\/yoast-seo-wordpress\/ -->\n<title>Detail Photography in the Tarcoles River - gonatcr.com<\/title>\n<meta name=\"description\" content=\"Capture the essence of the Tarcoles River through photography with our detailed guide.\" \/>\n<meta name=\"robots\" content=\"index, follow, max-snippet:-1, max-image-preview:large, max-video-preview:-1\" \/>\n<link rel=\"canonical\" href=\"https:\/\/gonatcr.com\/es\/detail-photography-in-the-tarcoles-river\/\" \/>\n<meta property=\"og:locale\" content=\"es_ES\" \/>\n<meta property=\"og:type\" content=\"article\" \/>\n<meta property=\"og:title\" content=\"Detail Photography in the Tarcoles River - gonatcr.com\" \/>\n<meta property=\"og:description\" content=\"Capture the essence of the Tarcoles River through photography with our detailed guide.\" \/>\n<meta property=\"og:url\" content=\"https:\/\/gonatcr.com\/es\/detail-photography-in-the-tarcoles-river\/\" \/>\n<meta property=\"og:site_name\" content=\"gonatcr.com\" \/>\n<meta property=\"article:modified_time\" content=\"2024-03-13T05:15:05+00:00\" \/>\n<meta name=\"twitter:card\" content=\"summary_large_image\" \/>\n<meta name=\"twitter:label1\" content=\"Est. reading time\" \/>\n\t<meta name=\"twitter:data1\" content=\"2 minutos\" \/>\n<script type=\"application\/ld+json\" class=\"yoast-schema-graph\">{\"@context\":\"https:\\\/\\\/schema.org\",\"@graph\":[{\"@type\":\"WebPage\",\"@id\":\"https:\\\/\\\/gonatcr.com\\\/es\\\/detail-photography-in-the-tarcoles-river\\\/\",\"url\":\"https:\\\/\\\/gonatcr.com\\\/es\\\/detail-photography-in-the-tarcoles-river\\\/\",\"name\":\"Detail Photography in the Tarcoles River - gonatcr.com\",\"isPartOf\":{\"@id\":\"https:\\\/\\\/gonatcr.com\\\/es\\\/#website\"},\"datePublished\":\"2024-02-23T23:11:26+00:00\",\"dateModified\":\"2024-03-13T05:15:05+00:00\",\"description\":\"Capture the essence of the Tarcoles River through photography with our detailed guide.\",\"breadcrumb\":{\"@id\":\"https:\\\/\\\/gonatcr.com\\\/es\\\/detail-photography-in-the-tarcoles-river\\\/#breadcrumb\"},\"inLanguage\":\"es-CR\",\"potentialAction\":[{\"@type\":\"ReadAction\",\"target\":[\"https:\\\/\\\/gonatcr.com\\\/es\\\/detail-photography-in-the-tarcoles-river\\\/\"]}]},{\"@type\":\"BreadcrumbList\",\"@id\":\"https:\\\/\\\/gonatcr.com\\\/es\\\/detail-photography-in-the-tarcoles-river\\\/#breadcrumb\",\"itemListElement\":[{\"@type\":\"ListItem\",\"position\":1,\"name\":\"HOME GoNat\",\"item\":\"https:\\\/\\\/gonatcr.com\\\/\"},{\"@type\":\"ListItem\",\"position\":2,\"name\":\"Detail Photography in the Tarcoles River\"}]},{\"@type\":\"WebSite\",\"@id\":\"https:\\\/\\\/gonatcr.com\\\/es\\\/#website\",\"url\":\"https:\\\/\\\/gonatcr.com\\\/es\\\/\",\"name\":\"gonatcr.com\",\"description\":\"GoNat is the website of a tourism agency in Costa Rica.\",\"publisher\":{\"@id\":\"https:\\\/\\\/gonatcr.com\\\/es\\\/#organization\"},\"potentialAction\":[{\"@type\":\"SearchAction\",\"target\":{\"@type\":\"EntryPoint\",\"urlTemplate\":\"https:\\\/\\\/gonatcr.com\\\/es\\\/?s={search_term_string}\"},\"query-input\":{\"@type\":\"PropertyValueSpecification\",\"valueRequired\":true,\"valueName\":\"search_term_string\"}}],\"inLanguage\":\"es-CR\"},{\"@type\":\"Organization\",\"@id\":\"https:\\\/\\\/gonatcr.com\\\/es\\\/#organization\",\"name\":\"gonatcr.com\",\"url\":\"https:\\\/\\\/gonatcr.com\\\/es\\\/\",\"logo\":{\"@type\":\"ImageObject\",\"inLanguage\":\"es-CR\",\"@id\":\"https:\\\/\\\/gonatcr.com\\\/es\\\/#\\\/schema\\\/logo\\\/image\\\/\",\"url\":\"https:\\\/\\\/gonatcr.com\\\/wp-content\\\/uploads\\\/2024\\\/02\\\/gonat_logo_sitio.png\",\"contentUrl\":\"https:\\\/\\\/gonatcr.com\\\/wp-content\\\/uploads\\\/2024\\\/02\\\/gonat_logo_sitio.png\",\"width\":1459,\"height\":417,\"caption\":\"gonatcr.com\"},\"image\":{\"@id\":\"https:\\\/\\\/gonatcr.com\\\/es\\\/#\\\/schema\\\/logo\\\/image\\\/\"}}]}<\/script>\n<!-- \/ Yoast SEO plugin. -->","yoast_head_json":{"title":"Detail Photography in the Tarcoles River - gonatcr.com","description":"Capture the essence of the Tarcoles River through photography with our detailed guide.","robots":{"index":"index","follow":"follow","max-snippet":"max-snippet:-1","max-image-preview":"max-image-preview:large","max-video-preview":"max-video-preview:-1"},"canonical":"https:\/\/gonatcr.com\/es\/detail-photography-in-the-tarcoles-river\/","og_locale":"es_ES","og_type":"article","og_title":"Detail Photography in the Tarcoles River - gonatcr.com","og_description":"Capture the essence of the Tarcoles River through photography with our detailed guide.","og_url":"https:\/\/gonatcr.com\/es\/detail-photography-in-the-tarcoles-river\/","og_site_name":"gonatcr.com","article_modified_time":"2024-03-13T05:15:05+00:00","twitter_card":"summary_large_image","twitter_misc":{"Est. reading time":"2 minutos"},"schema":{"@context":"https:\/\/schema.org","@graph":[{"@type":"WebPage","@id":"https:\/\/gonatcr.com\/es\/detail-photography-in-the-tarcoles-river\/","url":"https:\/\/gonatcr.com\/es\/detail-photography-in-the-tarcoles-river\/","name":"Detail Photography in the Tarcoles River - gonatcr.com","isPartOf":{"@id":"https:\/\/gonatcr.com\/es\/#website"},"datePublished":"2024-02-23T23:11:26+00:00","dateModified":"2024-03-13T05:15:05+00:00","description":"Capture the essence of the Tarcoles River through photography with our detailed guide.","breadcrumb":{"@id":"https:\/\/gonatcr.com\/es\/detail-photography-in-the-tarcoles-river\/#breadcrumb"},"inLanguage":"es-CR","potentialAction":[{"@type":"ReadAction","target":["https:\/\/gonatcr.com\/es\/detail-photography-in-the-tarcoles-river\/"]}]},{"@type":"BreadcrumbList","@id":"https:\/\/gonatcr.com\/es\/detail-photography-in-the-tarcoles-river\/#breadcrumb","itemListElement":[{"@type":"ListItem","position":1,"name":"HOME GoNat","item":"https:\/\/gonatcr.com\/"},{"@type":"ListItem","position":2,"name":"Detail Photography in the Tarcoles River"}]},{"@type":"WebSite","@id":"https:\/\/gonatcr.com\/es\/#website","url":"https:\/\/gonatcr.com\/es\/","name":"gonatcr.com","description":"GoNat is the website of a tourism agency in Costa Rica.","publisher":{"@id":"https:\/\/gonatcr.com\/es\/#organization"},"potentialAction":[{"@type":"SearchAction","target":{"@type":"EntryPoint","urlTemplate":"https:\/\/gonatcr.com\/es\/?s={search_term_string}"},"query-input":{"@type":"PropertyValueSpecification","valueRequired":true,"valueName":"search_term_string"}}],"inLanguage":"es-CR"},{"@type":"Organization","@id":"https:\/\/gonatcr.com\/es\/#organization","name":"gonatcr.com","url":"https:\/\/gonatcr.com\/es\/","logo":{"@type":"ImageObject","inLanguage":"es-CR","@id":"https:\/\/gonatcr.com\/es\/#\/schema\/logo\/image\/","url":"https:\/\/gonatcr.com\/wp-content\/uploads\/2024\/02\/gonat_logo_sitio.png","contentUrl":"https:\/\/gonatcr.com\/wp-content\/uploads\/2024\/02\/gonat_logo_sitio.png","width":1459,"height":417,"caption":"gonatcr.com"},"image":{"@id":"https:\/\/gonatcr.com\/es\/#\/schema\/logo\/image\/"}}]}},"_links":{"self":[{"href":"https:\/\/gonatcr.com\/es\/wp-json\/wp\/v2\/pages\/695","targetHints":{"allow":["GET"]}}],"collection":[{"href":"https:\/\/gonatcr.com\/es\/wp-json\/wp\/v2\/pages"}],"about":[{"href":"https:\/\/gonatcr.com\/es\/wp-json\/wp\/v2\/types\/page"}],"author":[{"embeddable":true,"href":"https:\/\/gonatcr.com\/es\/wp-json\/wp\/v2\/users\/1"}],"replies":[{"embeddable":true,"href":"https:\/\/gonatcr.com\/es\/wp-json\/wp\/v2\/comments?post=695"}],"version-history":[{"count":16,"href":"https:\/\/gonatcr.com\/es\/wp-json\/wp\/v2\/pages\/695\/revisions"}],"predecessor-version":[{"id":2633,"href":"https:\/\/gonatcr.com\/es\/wp-json\/wp\/v2\/pages\/695\/revisions\/2633"}],"wp:attachment":[{"href":"https:\/\/gonatcr.com\/es\/wp-json\/wp\/v2\/media?parent=695"}],"curies":[{"name":"wp","href":"https:\/\/api.w.org\/{rel}","templated":true}]}}